{"id":188,"date":"2022-09-23T21:59:42","date_gmt":"2022-09-23T21:59:42","guid":{"rendered":"https:\/\/microenvases.com\/?post_type=product&#038;p=188"},"modified":"2025-08-12T15:42:24","modified_gmt":"2025-08-12T15:42:24","slug":"vasos-bebida-fria","status":"publish","type":"product","link":"https:\/\/microenvases.com\/fr\/produit\/vasos-bebida-fria\/","title":{"rendered":"Vasos Bebida Fr\u00eda"},"content":{"rendered":"","protected":false},"excerpt":{"rendered":"<p>Vaso de cart\u00f3n pulpa pura, doble laminado PE (interior y exterior), con impresi\u00f3n flexogr\u00e1fica.<\/p>","protected":false},"featured_media":1142,"template":"","meta":[],"product_brand":[],"product_cat":[25,15,27],"product_tag":[],"class_list":{"0":"post-188","1":"product","2":"type-product","3":"status-publish","4":"has-post-thumbnail","6":"product_cat-carton","7":"product_cat-todos","8":"product_cat-vasos","10":"first","11":"instock","12":"shipping-taxable","13":"purchasable","14":"product-type-variable"},"acf":[],"_links":{"self":[{"href":"https:\/\/microenvases.com\/fr\/wp-json\/wp\/v2\/product\/188","targetHints":{"allow":["GET"]}}],"collection":[{"href":"https:\/\/microenvases.com\/fr\/wp-json\/wp\/v2\/product"}],"about":[{"href":"https:\/\/microenvases.com\/fr\/wp-json\/wp\/v2\/types\/product"}],"wp:featuredmedia":[{"embeddable":true,"href":"https:\/\/microenvases.com\/fr\/wp-json\/wp\/v2\/media\/1142"}],"wp:attachment":[{"href":"https:\/\/microenvases.com\/fr\/wp-json\/wp\/v2\/media?parent=188"}],"wp:term":[{"taxonomy":"product_brand","embeddable":true,"href":"https:\/\/microenvases.com\/fr\/wp-json\/wp\/v2\/product_brand?post=188"},{"taxonomy":"product_cat","embeddable":true,"href":"https:\/\/microenvases.com\/fr\/wp-json\/wp\/v2\/product_cat?post=188"},{"taxonomy":"product_tag","embeddable":true,"href":"https:\/\/microenvases.com\/fr\/wp-json\/wp\/v2\/product_tag?post=188"}],"curies":[{"name":"wp","href":"https:\/\/api.w.org\/{rel}","templated":true}]}}