{"id":604,"date":"2022-11-09T19:41:53","date_gmt":"2022-11-09T19:41:53","guid":{"rendered":"https:\/\/microenvases.com\/?post_type=product&#038;p=604"},"modified":"2025-08-12T17:15:49","modified_gmt":"2025-08-12T17:15:49","slug":"empaque-automatico-co-extruido","status":"publish","type":"product","link":"https:\/\/microenvases.com\/fr\/produit\/empaque-automatico-co-extruido\/","title":{"rendered":"Empaque Autom\u00e1tico Co-extruido"},"content":{"rendered":"","protected":false},"excerpt":{"rendered":"<p>La co-extrusi\u00f3n es la extrusi\u00f3n de dos o m\u00e1s pol\u00edmeros para la formaci\u00f3n de una estructura multicapas.<\/p>\n<p>El sistema de co-extrusi\u00f3n permite la combinaci\u00f3n de pol\u00edmeros que poseen diferentes propiedades para asegurar un empaque m\u00e1s econ\u00f3mico y funcional, a su vez optimiza el consumo de resinas.<\/p>\n<p>Con el proceso de co-extrusion se consigue mejorar propiedades como: resistencia a la punci\u00f3n de empaque, sellado t\u00e9rmico, buena apariencia externa y alta barrera a gases.<\/p>\n<p><strong>Productos que podemos fabricar:<\/strong> Bobina para agua, manteca, cloro, arroz, az\u00facar, termoencogibles.<\/p>","protected":false},"featured_media":1147,"template":"","meta":[],"product_brand":[],"product_cat":[35,23],"product_tag":[],"class_list":{"0":"post-604","1":"product","2":"type-product","3":"status-publish","4":"has-post-thumbnail","6":"product_cat-empaques","7":"product_cat-plastico","9":"first","10":"instock","11":"shipping-taxable","12":"product-type-simple"},"acf":[],"_links":{"self":[{"href":"https:\/\/microenvases.com\/fr\/wp-json\/wp\/v2\/product\/604","targetHints":{"allow":["GET"]}}],"collection":[{"href":"https:\/\/microenvases.com\/fr\/wp-json\/wp\/v2\/product"}],"about":[{"href":"https:\/\/microenvases.com\/fr\/wp-json\/wp\/v2\/types\/product"}],"wp:featuredmedia":[{"embeddable":true,"href":"https:\/\/microenvases.com\/fr\/wp-json\/wp\/v2\/media\/1147"}],"wp:attachment":[{"href":"https:\/\/microenvases.com\/fr\/wp-json\/wp\/v2\/media?parent=604"}],"wp:term":[{"taxonomy":"product_brand","embeddable":true,"href":"https:\/\/microenvases.com\/fr\/wp-json\/wp\/v2\/product_brand?post=604"},{"taxonomy":"product_cat","embeddable":true,"href":"https:\/\/microenvases.com\/fr\/wp-json\/wp\/v2\/product_cat?post=604"},{"taxonomy":"product_tag","embeddable":true,"href":"https:\/\/microenvases.com\/fr\/wp-json\/wp\/v2\/product_tag?post=604"}],"curies":[{"name":"wp","href":"https:\/\/api.w.org\/{rel}","templated":true}]}}