{"id":617,"date":"2022-11-09T20:50:33","date_gmt":"2022-11-09T20:50:33","guid":{"rendered":"https:\/\/microenvases.com\/?post_type=product&#038;p=617"},"modified":"2025-08-12T17:19:42","modified_gmt":"2025-08-12T17:19:42","slug":"bolsa-impresa-ad-y-bd","status":"publish","type":"product","link":"https:\/\/microenvases.com\/fr\/produit\/bolsa-impresa-ad-y-bd\/","title":{"rendered":"Sac Imprim\u00e9 AD et BD"},"content":{"rendered":"","protected":false},"excerpt":{"rendered":"<p>Bolsa que puede utilizar en su negocio para impulsar su imagen y marca, dise\u00f1os vistosos, puede ser reutilizable y reciclable; es resistente en su uso y tiene un costo accesible. Diversas presentaciones, fabricada de acuerdo a largo, ancho, espesor, color, pigmentaci\u00f3n e impresi\u00f3n de su dise\u00f1o.<\/p>","protected":false},"featured_media":1149,"template":"","meta":[],"product_brand":[],"product_cat":[36,23],"product_tag":[],"class_list":{"0":"post-617","1":"product","2":"type-product","3":"status-publish","4":"has-post-thumbnail","6":"product_cat-bolsas-plastico","7":"product_cat-plastico","9":"first","10":"instock","11":"shipping-taxable","12":"product-type-simple"},"acf":[],"_links":{"self":[{"href":"https:\/\/microenvases.com\/fr\/wp-json\/wp\/v2\/product\/617","targetHints":{"allow":["GET"]}}],"collection":[{"href":"https:\/\/microenvases.com\/fr\/wp-json\/wp\/v2\/product"}],"about":[{"href":"https:\/\/microenvases.com\/fr\/wp-json\/wp\/v2\/types\/product"}],"wp:featuredmedia":[{"embeddable":true,"href":"https:\/\/microenvases.com\/fr\/wp-json\/wp\/v2\/media\/1149"}],"wp:attachment":[{"href":"https:\/\/microenvases.com\/fr\/wp-json\/wp\/v2\/media?parent=617"}],"wp:term":[{"taxonomy":"product_brand","embeddable":true,"href":"https:\/\/microenvases.com\/fr\/wp-json\/wp\/v2\/product_brand?post=617"},{"taxonomy":"product_cat","embeddable":true,"href":"https:\/\/microenvases.com\/fr\/wp-json\/wp\/v2\/product_cat?post=617"},{"taxonomy":"product_tag","embeddable":true,"href":"https:\/\/microenvases.com\/fr\/wp-json\/wp\/v2\/product_tag?post=617"}],"curies":[{"name":"wp","href":"https:\/\/api.w.org\/{rel}","templated":true}]}}